{"id":26,"date":"2025-08-18T14:40:25","date_gmt":"2025-08-18T14:40:25","guid":{"rendered":"https:\/\/salvadorcesta-salescoach.rkinformatika.online\/?page_id=26"},"modified":"2025-08-21T13:26:05","modified_gmt":"2025-08-21T13:26:05","slug":"inicio","status":"publish","type":"page","link":"https:\/\/salvadorcesta-salescoach.com\/en\/","title":{"rendered":"Home"},"content":{"rendered":"<div data-elementor-type=\"wp-page\" data-elementor-id=\"26\" class=\"elementor elementor-26\" data-elementor-post-type=\"page\">\n\t\t\t\t<div class=\"elementor-element elementor-element-908068b e-flex e-con-boxed e-con e-parent\" data-id=\"908068b\" data-element_type=\"container\" data-e-type=\"container\" data-settings=\"{&quot;background_background&quot;:&quot;classic&quot;}\">\n\t\t\t\t\t<div class=\"e-con-inner\">\n\t\t\t\t<div class=\"elementor-element elementor-element-124ab17 elementor-widget elementor-widget-heading\" data-id=\"124ab17\" data-element_type=\"widget\" data-e-type=\"widget\" data-widget_type=\"heading.default\">\n\t\t\t\t\t<h2 class=\"elementor-heading-title elementor-size-default\">Salvador Cesta<\/h2>\t\t\t\t<\/div>\n\t\t\t\t<div class=\"elementor-element elementor-element-7a5b79e elementor-widget elementor-widget-text-editor\" data-id=\"7a5b79e\" data-element_type=\"widget\" data-e-type=\"widget\" data-widget_type=\"text-editor.default\">\n\t\t\t\t\t\t\t\t\t<p>Sales Coach<\/p>\t\t\t\t\t\t\t\t<\/div>\n\t\t\t\t\t<\/div>\n\t\t\t\t<\/div>\n\t\t<div class=\"elementor-element elementor-element-237af23 e-flex e-con-boxed e-con e-parent\" data-id=\"237af23\" data-element_type=\"container\" data-e-type=\"container\" data-settings=\"{&quot;background_background&quot;:&quot;classic&quot;}\">\n\t\t\t\t\t<div class=\"e-con-inner\">\n\t\t<div class=\"elementor-element elementor-element-deeeb00 e-con-full e-flex elementor-invisible e-con e-child\" data-id=\"deeeb00\" data-element_type=\"container\" data-e-type=\"container\" data-settings=\"{&quot;animation&quot;:&quot;fadeInLeft&quot;}\">\n\t\t\t\t<div class=\"elementor-element elementor-element-6bfd3f2 elementor-widget elementor-widget-image\" data-id=\"6bfd3f2\" data-element_type=\"widget\" data-e-type=\"widget\" data-widget_type=\"image.default\">\n\t\t\t\t\t\t\t\t\t\t\t\t\t\t\t<img fetchpriority=\"high\" decoding=\"async\" width=\"1920\" height=\"1918\" src=\"https:\/\/salvadorcesta-salescoach.com\/wp-content\/uploads\/2025\/08\/20250402_211415-Salvador-Cesta-Gonzalez.jpg\" class=\"attachment-full size-full wp-image-121\" alt=\"\" srcset=\"https:\/\/salvadorcesta-salescoach.com\/wp-content\/uploads\/2025\/08\/20250402_211415-Salvador-Cesta-Gonzalez.jpg 1920w, https:\/\/salvadorcesta-salescoach.com\/wp-content\/uploads\/2025\/08\/20250402_211415-Salvador-Cesta-Gonzalez-300x300.jpg 300w, https:\/\/salvadorcesta-salescoach.com\/wp-content\/uploads\/2025\/08\/20250402_211415-Salvador-Cesta-Gonzalez-1024x1024.jpg 1024w, https:\/\/salvadorcesta-salescoach.com\/wp-content\/uploads\/2025\/08\/20250402_211415-Salvador-Cesta-Gonzalez-150x150.jpg 150w, https:\/\/salvadorcesta-salescoach.com\/wp-content\/uploads\/2025\/08\/20250402_211415-Salvador-Cesta-Gonzalez-768x767.jpg 768w, https:\/\/salvadorcesta-salescoach.com\/wp-content\/uploads\/2025\/08\/20250402_211415-Salvador-Cesta-Gonzalez-1536x1534.jpg 1536w, https:\/\/salvadorcesta-salescoach.com\/wp-content\/uploads\/2025\/08\/20250402_211415-Salvador-Cesta-Gonzalez-12x12.jpg 12w\" sizes=\"(max-width: 1920px) 100vw, 1920px\" \/>\t\t\t\t\t\t\t\t\t\t\t\t\t\t\t<\/div>\n\t\t\t\t<\/div>\n\t\t<div class=\"elementor-element elementor-element-1f9fd75 e-con-full e-flex elementor-invisible e-con e-child\" data-id=\"1f9fd75\" data-element_type=\"container\" data-e-type=\"container\" data-settings=\"{&quot;background_background&quot;:&quot;classic&quot;,&quot;animation&quot;:&quot;fadeInRight&quot;}\">\n\t\t\t\t<div class=\"elementor-element elementor-element-7375134 elementor-widget elementor-widget-heading\" data-id=\"7375134\" data-element_type=\"widget\" data-e-type=\"widget\" data-widget_type=\"heading.default\">\n\t\t\t\t\t<h2 class=\"elementor-heading-title elementor-size-default\">WHO AM I?<\/h2>\t\t\t\t<\/div>\n\t\t\t\t<div class=\"elementor-element elementor-element-7c31062 elementor-widget elementor-widget-text-editor\" data-id=\"7c31062\" data-element_type=\"widget\" data-e-type=\"widget\" data-widget_type=\"text-editor.default\">\n\t\t\t\t\t\t\t\t\t<p>Entrepreneur by nature in the physical world and digitized in 2024.<\/p><p>Natural and experienced leader, managing teams of over 30 people.<\/p><p>Extensive background as a consultant and high-ticket sales closer, with training in NLP, appointment setting, persuasion, seduction, and non-verbal communication.<\/p><p>Knowledge of marketing, strategy, sales funnels, and copywriting.<\/p><p>I have worked in various market niches and generated multiple six-figure revenues in both B2B and B2C, in evergreen and launch models.<\/p>\t\t\t\t\t\t\t\t<\/div>\n\t\t\t\t<\/div>\n\t\t\t\t\t<\/div>\n\t\t\t\t<\/div>\n\t\t<div class=\"elementor-element elementor-element-e8ddff4 e-con-full e-flex e-con e-parent\" data-id=\"e8ddff4\" data-element_type=\"container\" data-e-type=\"container\" data-settings=\"{&quot;background_background&quot;:&quot;classic&quot;}\">\n\t\t\t\t<div class=\"elementor-element elementor-element-c346190 elementor-cta--skin-cover elementor-animated-content elementor-bg-transform elementor-bg-transform-zoom-in elementor-widget elementor-widget-call-to-action\" data-id=\"c346190\" data-element_type=\"widget\" data-e-type=\"widget\" data-widget_type=\"call-to-action.default\">\n\t\t\t\t\t\t\t<div class=\"elementor-cta\">\n\t\t\t\t\t<div class=\"elementor-cta__bg-wrapper\">\n\t\t\t\t<div class=\"elementor-cta__bg elementor-bg\" style=\"background-image: url(https:\/\/salvadorcesta-salescoach.com\/wp-content\/uploads\/2025\/08\/13884.jpg);\" role=\"img\" aria-label=\"13884\"><\/div>\n\t\t\t\t<div class=\"elementor-cta__bg-overlay\"><\/div>\n\t\t\t<\/div>\n\t\t\t\t\t\t\t<div class=\"elementor-cta__content\">\n\t\t\t\t\n\t\t\t\t\t\t\t\t\t<h2 class=\"elementor-cta__title elementor-cta__content-item elementor-content-item elementor-animated-item--grow\">\n\t\t\t\t\t\tTurn every interaction into an opportunity for success.\t\t\t\t\t<\/h2>\n\t\t\t\t\n\t\t\t\t\t\t\t\t\t<div class=\"elementor-cta__description elementor-cta__content-item elementor-content-item elementor-animated-item--grow\">\n\t\t\t\t\t\tDiscover how to transform your sales and achieve results you once thought impossible.\t\t\t\t\t<\/div>\n\t\t\t\t\n\t\t\t\t\t\t\t\t\t<div class=\"elementor-cta__button-wrapper elementor-cta__content-item elementor-content-item elementor-animated-item--grow\">\n\t\t\t\t\t<a class=\"elementor-cta__button elementor-button elementor-size-\" href=\"https:\/\/salvadorcesta-salescoach.com\/en\/servicios\/\">\n\t\t\t\t\t\tSERVICES\t\t\t\t\t<\/a>\n\t\t\t\t\t<\/div>\n\t\t\t\t\t\t\t<\/div>\n\t\t\t\t\t\t<\/div>\n\t\t\t\t\t\t<\/div>\n\t\t\t\t<\/div>\n\t\t\t\t<\/div>","protected":false},"excerpt":{"rendered":"<p>Salvador Cesta Sales Coach \u00bfQUI\u00c9N SOY? Emprendedor por naturaleza en el mundo f\u00edsico y digitalizado en 2024. L\u00edder nato y experimentado, gestionando plantillas de hasta m\u00e1s de 30 personas. Amplio recorrido como consultor y closer de ventas high ticket, con formaci\u00f3n en PNL, appointment setting, persuasi\u00f3n, seducci\u00f3n y lenguaje no verbal. Conocimientos de marketing, estrategia, [&hellip;]<\/p>\n","protected":false},"author":1,"featured_media":0,"parent":0,"menu_order":0,"comment_status":"closed","ping_status":"closed","template":"elementor_canvas","meta":{"footnotes":""},"class_list":["post-26","page","type-page","status-publish","hentry"],"yoast_head":"<!-- This site is optimized with the Yoast SEO plugin v27.3 - https:\/\/yoast.com\/product\/yoast-seo-wordpress\/ -->\n<title>Inicio - Salvador Cesta - Sales Coach<\/title>\n<meta name=\"robots\" content=\"index, follow, max-snippet:-1, max-image-preview:large, max-video-preview:-1\" \/>\n<link rel=\"canonical\" href=\"https:\/\/salvadorcesta-salescoach.com\/en\/\" \/>\n<meta property=\"og:locale\" content=\"en_GB\" \/>\n<meta property=\"og:type\" content=\"article\" \/>\n<meta property=\"og:title\" content=\"Inicio - Salvador Cesta - Sales Coach\" \/>\n<meta property=\"og:description\" content=\"Salvador Cesta Sales Coach \u00bfQUI\u00c9N SOY? Emprendedor por naturaleza en el mundo f\u00edsico y digitalizado en 2024. L\u00edder nato y experimentado, gestionando plantillas de hasta m\u00e1s de 30 personas. Amplio recorrido como consultor y closer de ventas high ticket, con formaci\u00f3n en PNL, appointment setting, persuasi\u00f3n, seducci\u00f3n y lenguaje no verbal. Conocimientos de marketing, estrategia, [&hellip;]\" \/>\n<meta property=\"og:url\" content=\"https:\/\/salvadorcesta-salescoach.com\/en\/\" \/>\n<meta property=\"og:site_name\" content=\"Salvador Cesta - Sales Coach\" \/>\n<meta property=\"article:modified_time\" content=\"2025-08-21T13:26:05+00:00\" \/>\n<meta property=\"og:image\" content=\"https:\/\/salvadorcesta-salescoach.com\/wp-content\/uploads\/2025\/08\/20250402_211415-Salvador-Cesta-Gonzalez.jpg\" \/>\n<meta name=\"twitter:card\" content=\"summary_large_image\" \/>\n<meta name=\"twitter:label1\" content=\"Estimated reading time\" \/>\n\t<meta name=\"twitter:data1\" content=\"1 minute\" \/>\n<script type=\"application\/ld+json\" class=\"yoast-schema-graph\">{\"@context\":\"https:\\\/\\\/schema.org\",\"@graph\":[{\"@type\":\"WebPage\",\"@id\":\"https:\\\/\\\/salvadorcesta-salescoach.com\\\/\",\"url\":\"https:\\\/\\\/salvadorcesta-salescoach.com\\\/\",\"name\":\"Inicio - Salvador Cesta - Sales Coach\",\"isPartOf\":{\"@id\":\"https:\\\/\\\/salvadorcesta-salescoach.com\\\/#website\"},\"primaryImageOfPage\":{\"@id\":\"https:\\\/\\\/salvadorcesta-salescoach.com\\\/#primaryimage\"},\"image\":{\"@id\":\"https:\\\/\\\/salvadorcesta-salescoach.com\\\/#primaryimage\"},\"thumbnailUrl\":\"https:\\\/\\\/salvadorcesta-salescoach.com\\\/wp-content\\\/uploads\\\/2025\\\/08\\\/20250402_211415-Salvador-Cesta-Gonzalez.jpg\",\"datePublished\":\"2025-08-18T14:40:25+00:00\",\"dateModified\":\"2025-08-21T13:26:05+00:00\",\"breadcrumb\":{\"@id\":\"https:\\\/\\\/salvadorcesta-salescoach.com\\\/#breadcrumb\"},\"inLanguage\":\"en-GB\",\"potentialAction\":[{\"@type\":\"ReadAction\",\"target\":[\"https:\\\/\\\/salvadorcesta-salescoach.com\\\/\"]}]},{\"@type\":\"ImageObject\",\"inLanguage\":\"en-GB\",\"@id\":\"https:\\\/\\\/salvadorcesta-salescoach.com\\\/#primaryimage\",\"url\":\"https:\\\/\\\/salvadorcesta-salescoach.com\\\/wp-content\\\/uploads\\\/2025\\\/08\\\/20250402_211415-Salvador-Cesta-Gonzalez.jpg\",\"contentUrl\":\"https:\\\/\\\/salvadorcesta-salescoach.com\\\/wp-content\\\/uploads\\\/2025\\\/08\\\/20250402_211415-Salvador-Cesta-Gonzalez.jpg\"},{\"@type\":\"BreadcrumbList\",\"@id\":\"https:\\\/\\\/salvadorcesta-salescoach.com\\\/#breadcrumb\",\"itemListElement\":[{\"@type\":\"ListItem\",\"position\":1,\"name\":\"Portada\",\"item\":\"https:\\\/\\\/salvadorcesta-salescoach.com\\\/\"},{\"@type\":\"ListItem\",\"position\":2,\"name\":\"Inicio\"}]},{\"@type\":\"WebSite\",\"@id\":\"https:\\\/\\\/salvadorcesta-salescoach.com\\\/#website\",\"url\":\"https:\\\/\\\/salvadorcesta-salescoach.com\\\/\",\"name\":\"Salvador Cesta - Sales Coach\",\"description\":\"Coaching de ventas\",\"publisher\":{\"@id\":\"https:\\\/\\\/salvadorcesta-salescoach.com\\\/#organization\"},\"potentialAction\":[{\"@type\":\"SearchAction\",\"target\":{\"@type\":\"EntryPoint\",\"urlTemplate\":\"https:\\\/\\\/salvadorcesta-salescoach.com\\\/?s={search_term_string}\"},\"query-input\":{\"@type\":\"PropertyValueSpecification\",\"valueRequired\":true,\"valueName\":\"search_term_string\"}}],\"inLanguage\":\"en-GB\"},{\"@type\":\"Organization\",\"@id\":\"https:\\\/\\\/salvadorcesta-salescoach.com\\\/#organization\",\"name\":\"Salvador Cesta - Sales Coach\",\"url\":\"https:\\\/\\\/salvadorcesta-salescoach.com\\\/\",\"logo\":{\"@type\":\"ImageObject\",\"inLanguage\":\"en-GB\",\"@id\":\"https:\\\/\\\/salvadorcesta-salescoach.com\\\/#\\\/schema\\\/logo\\\/image\\\/\",\"url\":\"https:\\\/\\\/salvadorcesta-salescoach.com\\\/wp-content\\\/uploads\\\/2025\\\/08\\\/cropped-Logo-SC-Black-2-Salvador-Cesta-Gonzalez.png\",\"contentUrl\":\"https:\\\/\\\/salvadorcesta-salescoach.com\\\/wp-content\\\/uploads\\\/2025\\\/08\\\/cropped-Logo-SC-Black-2-Salvador-Cesta-Gonzalez.png\",\"width\":324,\"height\":307,\"caption\":\"Salvador Cesta - Sales Coach\"},\"image\":{\"@id\":\"https:\\\/\\\/salvadorcesta-salescoach.com\\\/#\\\/schema\\\/logo\\\/image\\\/\"}}]}<\/script>\n<!-- \/ Yoast SEO plugin. -->","yoast_head_json":{"title":"Inicio - Salvador Cesta - Sales Coach","robots":{"index":"index","follow":"follow","max-snippet":"max-snippet:-1","max-image-preview":"max-image-preview:large","max-video-preview":"max-video-preview:-1"},"canonical":"https:\/\/salvadorcesta-salescoach.com\/en\/","og_locale":"en_GB","og_type":"article","og_title":"Inicio - Salvador Cesta - Sales Coach","og_description":"Salvador Cesta Sales Coach \u00bfQUI\u00c9N SOY? Emprendedor por naturaleza en el mundo f\u00edsico y digitalizado en 2024. L\u00edder nato y experimentado, gestionando plantillas de hasta m\u00e1s de 30 personas. Amplio recorrido como consultor y closer de ventas high ticket, con formaci\u00f3n en PNL, appointment setting, persuasi\u00f3n, seducci\u00f3n y lenguaje no verbal. Conocimientos de marketing, estrategia, [&hellip;]","og_url":"https:\/\/salvadorcesta-salescoach.com\/en\/","og_site_name":"Salvador Cesta - Sales Coach","article_modified_time":"2025-08-21T13:26:05+00:00","og_image":[{"url":"https:\/\/salvadorcesta-salescoach.com\/wp-content\/uploads\/2025\/08\/20250402_211415-Salvador-Cesta-Gonzalez.jpg","type":"","width":"","height":""}],"twitter_card":"summary_large_image","twitter_misc":{"Estimated reading time":"1 minute"},"schema":{"@context":"https:\/\/schema.org","@graph":[{"@type":"WebPage","@id":"https:\/\/salvadorcesta-salescoach.com\/","url":"https:\/\/salvadorcesta-salescoach.com\/","name":"Inicio - Salvador Cesta - Sales Coach","isPartOf":{"@id":"https:\/\/salvadorcesta-salescoach.com\/#website"},"primaryImageOfPage":{"@id":"https:\/\/salvadorcesta-salescoach.com\/#primaryimage"},"image":{"@id":"https:\/\/salvadorcesta-salescoach.com\/#primaryimage"},"thumbnailUrl":"https:\/\/salvadorcesta-salescoach.com\/wp-content\/uploads\/2025\/08\/20250402_211415-Salvador-Cesta-Gonzalez.jpg","datePublished":"2025-08-18T14:40:25+00:00","dateModified":"2025-08-21T13:26:05+00:00","breadcrumb":{"@id":"https:\/\/salvadorcesta-salescoach.com\/#breadcrumb"},"inLanguage":"en-GB","potentialAction":[{"@type":"ReadAction","target":["https:\/\/salvadorcesta-salescoach.com\/"]}]},{"@type":"ImageObject","inLanguage":"en-GB","@id":"https:\/\/salvadorcesta-salescoach.com\/#primaryimage","url":"https:\/\/salvadorcesta-salescoach.com\/wp-content\/uploads\/2025\/08\/20250402_211415-Salvador-Cesta-Gonzalez.jpg","contentUrl":"https:\/\/salvadorcesta-salescoach.com\/wp-content\/uploads\/2025\/08\/20250402_211415-Salvador-Cesta-Gonzalez.jpg"},{"@type":"BreadcrumbList","@id":"https:\/\/salvadorcesta-salescoach.com\/#breadcrumb","itemListElement":[{"@type":"ListItem","position":1,"name":"Portada","item":"https:\/\/salvadorcesta-salescoach.com\/"},{"@type":"ListItem","position":2,"name":"Inicio"}]},{"@type":"WebSite","@id":"https:\/\/salvadorcesta-salescoach.com\/#website","url":"https:\/\/salvadorcesta-salescoach.com\/","name":"Salvador Cesta - Sales Coach","description":"Coaching de ventas","publisher":{"@id":"https:\/\/salvadorcesta-salescoach.com\/#organization"},"potentialAction":[{"@type":"SearchAction","target":{"@type":"EntryPoint","urlTemplate":"https:\/\/salvadorcesta-salescoach.com\/?s={search_term_string}"},"query-input":{"@type":"PropertyValueSpecification","valueRequired":true,"valueName":"search_term_string"}}],"inLanguage":"en-GB"},{"@type":"Organization","@id":"https:\/\/salvadorcesta-salescoach.com\/#organization","name":"Salvador Cesta - Sales Coach","url":"https:\/\/salvadorcesta-salescoach.com\/","logo":{"@type":"ImageObject","inLanguage":"en-GB","@id":"https:\/\/salvadorcesta-salescoach.com\/#\/schema\/logo\/image\/","url":"https:\/\/salvadorcesta-salescoach.com\/wp-content\/uploads\/2025\/08\/cropped-Logo-SC-Black-2-Salvador-Cesta-Gonzalez.png","contentUrl":"https:\/\/salvadorcesta-salescoach.com\/wp-content\/uploads\/2025\/08\/cropped-Logo-SC-Black-2-Salvador-Cesta-Gonzalez.png","width":324,"height":307,"caption":"Salvador Cesta - Sales Coach"},"image":{"@id":"https:\/\/salvadorcesta-salescoach.com\/#\/schema\/logo\/image\/"}}]}},"_links":{"self":[{"href":"https:\/\/salvadorcesta-salescoach.com\/en\/wp-json\/wp\/v2\/pages\/26","targetHints":{"allow":["GET"]}}],"collection":[{"href":"https:\/\/salvadorcesta-salescoach.com\/en\/wp-json\/wp\/v2\/pages"}],"about":[{"href":"https:\/\/salvadorcesta-salescoach.com\/en\/wp-json\/wp\/v2\/types\/page"}],"author":[{"embeddable":true,"href":"https:\/\/salvadorcesta-salescoach.com\/en\/wp-json\/wp\/v2\/users\/1"}],"replies":[{"embeddable":true,"href":"https:\/\/salvadorcesta-salescoach.com\/en\/wp-json\/wp\/v2\/comments?post=26"}],"version-history":[{"count":61,"href":"https:\/\/salvadorcesta-salescoach.com\/en\/wp-json\/wp\/v2\/pages\/26\/revisions"}],"predecessor-version":[{"id":357,"href":"https:\/\/salvadorcesta-salescoach.com\/en\/wp-json\/wp\/v2\/pages\/26\/revisions\/357"}],"wp:attachment":[{"href":"https:\/\/salvadorcesta-salescoach.com\/en\/wp-json\/wp\/v2\/media?parent=26"}],"curies":[{"name":"wp","href":"https:\/\/api.w.org\/{rel}","templated":true}]}}